{"id":49891,"date":"2021-06-30T18:47:51","date_gmt":"2021-07-01T01:47:51","guid":{"rendered":"https:\/\/www.globalfundforwomen.org\/?page_id=49891"},"modified":"2022-06-30T08:26:28","modified_gmt":"2022-06-30T15:26:28","slug":"apply-for-a-grant-spanish","status":"publish","type":"page","link":"https:\/\/www.globalfundforwomen.org\/es\/apply-for-a-grant-spanish\/","title":{"rendered":"Solicitar un donativo"},"content":{"rendered":"\n<a href=\"https:\/\/www.globalfundforwomen.org\/apply-for-a-grant\/\">English<\/a>\u2014<a href=\"https:\/\/www.globalfundforwomen.org\/es\/apply-for-a-grant-spanish\/\">Espa\u00f1ol<\/a>\u2014<a href=\"https:\/\/www.globalfundforwomen.org\/fr\/apply-for-a-grant\/\">Fran\u00e7ais<\/a>\u2014<a href=\"https:\/\/www.globalfundforwomen.org\/ru\/%d0%bf%d0%be%d0%b4%d0%b0%d0%b9%d1%82%d0%b5-%d0%b7%d0%b0%d1%8f%d0%b2%d0%ba%d1%83-%d0%bd%d0%b0-%d0%b3%d1%80%d0%b0%d0%bd%d1%82\/\">\u0420\u0443\u0441\u0441\u043a\u0438\u0439<\/a>\n<a href=\"https:\/\/www.globalfundforwomen.org\/apply-for-a-grant\/\">EN<\/a>\u2014<a href=\"https:\/\/www.globalfundforwomen.org\/es\/apply-for-a-grant-spanish\/\">ES<\/a>\u2014<a href=\"https:\/\/www.globalfundforwomen.org\/fr\/apply-for-a-grant\/\">FR<\/a>\u2014<a href=\"https:\/\/www.globalfundforwomen.org\/ru\/%d0%bf%d0%be%d0%b4%d0%b0%d0%b9%d1%82%d0%b5-%d0%b7%d0%b0%d1%8f%d0%b2%d0%ba%d1%83-%d0%bd%d0%b0-%d0%b3%d1%80%d0%b0%d0%bd%d1%82\/\">RU<\/a>                    \n                                                                                    <h1>\n                                                                                                                NUESTRO PROCESO DE SOLICITUD\n                                                                    <\/h1>\n                                                                                        <p>Se invita a las iniciativas y organizaciones de justicia de g\u00e9nero a considerar el proceso de solicitud que figura a continuaci\u00f3n.<\/p>\n                <button type=\"button\" data-toggle=\"modal\" data-target=\"#shareModal\"><\/button>\n        <!-- Modal -->\n                            <button type=\"button\" data-dismiss=\"modal\" aria-label=\"Close\">\n                                \u00d7\n                            <\/button>\n                            <h2>Share<\/h2>\n                                <a href=\"#\" target=\"_blank\" rel=\"noopener\">Facebook<\/a>\n                                <a href=\"https:\/\/twitter.com\/intent\/tweet?url=https:\/\/www.globalfundforwomen.org\/es\/apply-for-a-grant-spanish\/\" target=\"_blank\" rel=\"noopener\">Twitter<\/a>\n                                <a href=\"mailto:?subject=I wanted you to see this site&amp;body=Check out this site https:\/\/www.globalfundforwomen.org\/es\/apply-for-a-grant-spanish\/\" title=\"Copy Link\" target=\"_blank\" rel=\"noopener\">Copy Link<\/a>\n\t\t\t\t<img loading=\"lazy\" decoding=\"async\" src=\"https:\/\/www.globalfundforwomen.org\/wp-content\/uploads\/2021\/01\/1-icon.png\" alt=\"1-icon\" itemprop=\"image\" height=\"42\" width=\"42\" title=\"1-icon\" onerror=\"this.style.display='none'\">\n<h5>\n\t\tAseg\u00farese de que su grupo cumple los requisitos \n\t<\/h5>\n\t<p>Lea nuestros requisitos y criterios para asegurarse de que su grupo se ajusta a nuestros donativos.<\/p>\n\t\t\t\t<img loading=\"lazy\" decoding=\"async\" src=\"https:\/\/www.globalfundforwomen.org\/wp-content\/uploads\/2021\/01\/2-icon.png\" alt=\"2-icon\" itemprop=\"image\" height=\"42\" width=\"42\" title=\"2-icon\" onerror=\"this.style.display='none'\">\n<h5>\n\t\tCrear y presentar un perfil\n\t<\/h5>\n\t<p>Registre su organizaci\u00f3n enviando un perfil organizaci\u00f3nal. Su perfil ser\u00e1 seguro y confidencial.<\/p>\n\t\t\t\t<img loading=\"lazy\" decoding=\"async\" src=\"https:\/\/www.globalfundforwomen.org\/wp-content\/uploads\/2021\/01\/3-icon.png\" alt=\"3-icon\" itemprop=\"image\" height=\"42\" width=\"42\" title=\"3-icon\" onerror=\"this.style.display='none'\">\n<h5>\n\t\tNosotros nos pondremos en contacto con usted si encontramos un donativo para su grupo*. \n\t<\/h5>\n\t<p>Si hay un donativo que pueda favorecer para su grupo, nos pondremos en contacto con usted y le invitaremos a presentar una solicitud.<\/p>\n\t\t\t<a href=\"https:\/\/groups.globalfundforwomen.org\/grants\/CommunitiesLoginGrants\" target=\"_self\" rel=\"noopener\">\n\t\t\t\t\t\t\t\tAcceda al sitio de aplicaciones \n\t\t\t\t\t\t\t<\/a>\n\t\t\t<a href=\"https:\/\/groups.globalfundforwomen.org\/grants\/CommunitiesSelfRegGrants\" target=\"_self\" rel=\"noopener\">\n\t\t\t\t\t\t\t\tCrear un nuevo perfil\n\t\t\t\t\t\t\t<\/a>\n\t\t\t<div class=\"fl-builder-content fl-builder-content-47989 fl-builder-template fl-builder-row-template fl-builder-global-templates-locked\" data-post-id=\"47989\"><div class=\"fl-row fl-row-full-width fl-row-bg-color fl-node-609a8d3417fec fl-row-custom-height fl-row-align-center\" data-node=\"609a8d3417fec\">\n\t<div class=\"fl-row-content-wrap\">\n\t\t\t\t\t\t<div class=\"fl-row-content fl-row-fixed-width fl-node-content\">\n\t\t\n<div class=\"fl-col-group fl-node-609a8d341855b\" data-node=\"609a8d341855b\">\n\t\t\t<div class=\"fl-col fl-node-609a8d3418633 fl-col-bg-color\" data-node=\"609a8d3418633\">\n\t<div class=\"fl-col-content fl-node-content\"><div class=\"fl-module fl-module-heading fl-node-609a8d5d8975d\" data-node=\"609a8d5d8975d\">\n\t<div class=\"fl-module-content fl-node-content\">\n\t\t<h2 class=\"fl-heading\">\n\t\t<span class=\"fl-heading-text\">You are about to create a new application profile<\/span>\n\t<\/h2>\n\t<\/div>\n<\/div>\n<div class=\"fl-module fl-module-rich-text fl-node-609a8d95468ea bg-white\" data-node=\"609a8d95468ea\">\n\t<div class=\"fl-module-content fl-node-content\">\n\t\t<div class=\"fl-rich-text\">\n\t<ul>\n<li>Make sure you do not already have an existing account or an account created by someone else from your organization.<\/li>\n<li>If possible, please sign up using an organization email address. For example: example@globalfundforwomen.org<\/li>\n<li>Please note that this Login page as well as the pages required to create a new account are in English. Once you have logged in, you will be able to select a language of your choice to view and complete all forms.<\/li>\n<\/ul>\n<\/div>\n\t<\/div>\n<\/div>\n<div class=\"fl-module fl-module-button-group fl-node-609a8e4347b3c\" data-node=\"609a8e4347b3c\">\n\t<div class=\"fl-module-content fl-node-content\">\n\t\t<div class=\"fl-button-group fl-button-group-layout-horizontal fl-button-group-width-\">\n\t<div class=\"fl-button-group-buttons\" role=\"group\" aria-label=\"\">\n\t\t<div id=\"fl-button-group-button-609a8e4347b3c-0\" class=\"fl-button-group-button fl-button-group-button-609a8e4347b3c-0\"><div  class=\"fl-button-wrap fl-button-width-full fl-button-center\" id=\"fl-node-609a8e4347b3c-0\">\n\t\t\t<a href=\"https:\/\/groups.globalfundforwomen.org\/grants\/CommunitiesLoginGrants\" target=\"_self\" class=\"fl-button\">\n\t\t\t\t\t\t\t<span class=\"fl-button-text\">Current Application Sign In<\/span>\n\t\t\t\t\t<\/a>\n\t<\/div>\n<\/div><div id=\"fl-button-group-button-609a8e4347b3c-1\" class=\"fl-button-group-button fl-button-group-button-609a8e4347b3c-1\"><div  class=\"fl-button-wrap fl-button-width-full fl-button-center\" id=\"fl-node-609a8e4347b3c-1\">\n\t\t\t<a href=\"https:\/\/groups.globalfundforwomen.org\/grants\/CommunitiesSelfRegGrants\" target=\"_self\" class=\"fl-button\">\n\t\t\t\t\t\t\t<span class=\"fl-button-text\">Create a profile<\/span>\n\t\t\t\t\t<\/a>\n\t<\/div>\n<\/div>\t<\/div>\n<\/div>\n\t<\/div>\n<\/div>\n<\/div>\n<\/div>\n\t<\/div>\n\t\t<\/div>\n\t<\/div>\n<\/div>\n<\/div>\t\t\t\n\t\t<h5>Modal Popup &#8211; ID <\/h5>\n\t\tClick here to edit the \u00abModal Popup\u00bb settings. This text will not be visible on frontend.\t\n\t<p>* Tenga en cuenta que no todos los solicitantes recibir\u00e1n respuesta, pero su perfil permanecer\u00e1 en nuestro sistema durante dos a\u00f1os y se tendr\u00e1 en cuenta para todas las donaciones abiertas y futuras.<\/p>\n<h2>\n\t\tCRITERIOS DE DONATIVOS\n\t<\/h2>\n<h5>\n\t\tSu grupo debe cumplir con los siguientes criterios:\n\t<\/h5>\n\t\t\t<h3> Estar fuera de los Estados Unidos. <\/h3> <p>Con algunas excepciones, generalmente no financiamos organizaciones con sede en Estados Unidos.<\/p>\t\t\n\t\t\t<h3> Utilizar un an\u00e1lisis feminista e interseccional. <\/h3> <p>El objetivo principal de su grupo debe ser la promoci\u00f3n de la justicia de g\u00e9nero, con este objetivo claramente reflejado en sus actividades. Tengan en cuenta que los grupos cuyo \u00fanico objetivo es generar ingresos o proporcionar caridad a los individuos no son elegibles.<\/p>\t\t\n\t\t\t<h3> Fomentar la acci\u00f3n colectiva.<\/h3> <p>No aceptamos solicitudes de individuos y no financiamos proyectos propuestos por o en beneficio de individuos (incluyendo becas).<\/p>\t\t\n\t\t\t<h3> Ser gobernadas, dirigidas y\/o lideradas por comunidades hist\u00f3ricamente marginadas. <\/h3> <p>Nuestros donativos se centran en las comunidades hist\u00f3ricamente marginadas y en las m\u00e1s afectadas por la injusticia de g\u00e9nero, incluidas las mujeres y ni\u00f1as cisg\u00e9nero y transg\u00e9nero; las personas con diversidad de g\u00e9nero y no conformes; las minor\u00edas raciales, religiosas y \u00e9tnicas; los j\u00f3venes; las trabajadoras sexuales; las personas con discapacidad; y los miembros de la comunidad LGBTQIA+.<\/p>\t\t\n\t<h5>\n\t\tSu grupo no puede ser una:\n\t<\/h5>\n\t\t\t<h3> Entidad gubernamental<\/h3>\t\t\n\t\t\t<h3> Partido pol\u00edtico o campa\u00f1a electoral<\/h3>\t\t\n\t\t\t<h3> Organizaci\u00f3n internacional que propone proyectos con socios locales<\/h3>\t\t\n\t\n<p>No es necesario que los grupos est\u00e9n registrados como organizaciones no gubernamentales (ONG) para poder recibir financiaci\u00f3n.<\/p>\n<h4>\n\t\tTIPOS DE DONATIVOS\n\t<\/h4>\n<h3>\n\t\tApoyo general\/ Donativo de innovaci\u00f3n\n\t<\/h3>\n\t<ul>\n<li>Apoyo flexible para satisfacer las necesidades de nuestras copartes, desde los programas, proyectos, gastos de funcionamiento, incluidos el alquiler, los salarios, las comunicaciones y los viajes.<\/li>\n<\/ul>\n<h3>\n\t\tDonativo de crisis\n\t<\/h3>\n\t<ul>\n<li>Financiaci\u00f3n urgente para responder a cat\u00e1strofes clim\u00e1ticas y naturales; crisis de salud p\u00fablica; o aumentos repentinos y dr\u00e1sticos de la violencia pol\u00edtica.<\/li>\n<\/ul>\n<h3>\n\t\tDonativo para viajes o eventos\n\t<\/h3>\n\t<ul>\n<li>Debido al COVID-19 esta suspendido temporalmente nuestro programa de donativos para viajes y eventos. Tenemos previsto restablecerlo cuando se vuelva seguro viajar de nuevo. Consulte despu\u00e9s para conocer las novedades.<\/li>\n<\/ul>\n\t<h3>INFORMACI\u00d3N ADICIONAL SOBRE NUESTROS DONATIVOS<\/h3>\n<p>El Fondo Global de Mujeres se imagina un mundo en el que los movimientos por la justicia de g\u00e9nero transformen el poder y el privilegio de pocos en equidad e igualdad para todos y todas. Financiamos movimientos por la justicia de g\u00e9nero que se caractericen por su valent\u00eda, ambici\u00f3n y capacidad de expansi\u00f3n&nbsp;con el fin de&nbsp;crear cambios significativos que perduren&nbsp;aunque ya no estemos.<\/p>\n<p>Nuestro principal objetivo es obtener recursos para los movimientos por la justicia de g\u00e9nero en todo el mundo.&nbsp;Nuestro enfoque dirigido a los movimientos&nbsp;permite que los movimientos determinen sus propias necesidades y, de esta manera, asignen los correspondientes fondos a trav\u00e9s de comit\u00e9s del movimiento, una especie de concesi\u00f3n de&nbsp;donativos&nbsp;participativa. Como donantes, nuestro objetivo es proporcionar recursos que fortalezcan la agencia, la participaci\u00f3n y el poder de los movimientos que trabajan directamente&nbsp;en sus comunidades.<\/p>\n<h5>\n\t\tPara m\u00e1s informaci\u00f3n, consulte nuestra Gu\u00eda para Solicitantes.\n\t<\/h5>\n\t\t\t<a href=\"https:\/\/www.globalfundforwomen.org\/wp-content\/uploads\/2016\/11\/Applicants-Guide-to-Creating-an-Account-and-Profile.pdf\" target=\"_self\" role=\"button\" rel=\"noopener\">\n\t\t\t\t\t\t\tEnglish\n\t\t\t<\/a>\n\t\t\t<a href=\"https:\/\/www.globalfundforwomen.org\/wp-content\/uploads\/2016\/11\/Applicants-Guide-to-Creating-an-Account-and-Profile-ESP.pdf\" target=\"_self\" role=\"button\" rel=\"noopener\">\n\t\t\t\t\t\t\tEspa\u00f1ol\n\t\t\t<\/a>\n\t\t\t<a href=\"https:\/\/www.globalfundforwomen.org\/wp-content\/uploads\/2016\/11\/Applicants-Guide-to-Creating-an-Account-and-Profile-FRA.pdf\" target=\"_self\" role=\"button\" rel=\"noopener\">\n\t\t\t\t\t\t\tFran\u00e7ais\n\t\t\t<\/a>\n\t\t\t<a href=\"https:\/\/www.globalfundforwomen.org\/wp-content\/uploads\/2016\/11\/Applicants-Guide-to-Creating-an-Account-and-Profile-RU.pdf\" target=\"_self\" role=\"button\" rel=\"noopener\">\n\t\t\t\t\t\t\t\u0420\u0443\u0441\u0441\u043a\u0438\u0439\n\t\t\t<\/a>\n\t\t\t<a href=\"https:\/\/www.globalfundforwomen.org\/wp-content\/uploads\/2018\/05\/Applicants-Guide-to-Creating-an-Account-and-Profile-AR-\u062f\u0644\u064a\u0644-\u0627\u0644\u0645\u062a\u0642\u062f\u0645\u0627\u062a.pdf\" target=\"_self\" role=\"button\" rel=\"noopener\">\n\t\t\t\t\t\t\t\u0627\u0644\u0639\u0631\u0628\u064a\u0629\n\t\t\t<\/a>\n<h2>\n\t\t\u00bfNECESITA AYUDA CON SU SOLICITUD? \n\t<\/h2>\n\t\t\t<a href=\"mailto:grantsinfo@globalfundforwomen.org\" target=\"_self\" role=\"button\" rel=\"noopener\">\n\t\t\t\t\t\t\tEnv\u00edenos un correo electr\u00f3nico\n\t\t\t\t\t<\/a>\n<h2>\n\t\tRECURSOS\n\t<\/h2>\n<h4>\n\t\tAYUDAR A LOS MOVIMIENTOS A MEDIR EL CAMBIO\n\t<\/h4>\n\t<p>Como parte de nuestro apoyo a los movimientos, el Fondo Global de Mujeres ofrece la Herramienta de Evaluaci\u00f3n de la Capacidad de los Movimientos, una herramienta gratuita en l\u00ednea para apoyar el poder popular a nivel mundial.<\/p>\n\n\t\t\t\t<img loading=\"lazy\" decoding=\"async\" src=\"https:\/\/www.globalfundforwomen.org\/wp-content\/uploads\/2021\/01\/MAX-tool-1.png\" alt=\"MAX-tool 1\" itemprop=\"image\" height=\"349\" width=\"620\" title=\"MAX-tool 1\" onerror=\"this.style.display='none'\">\n\t\t\t<a href=\"https:\/\/www.globalfundforwomen.org\/fundraising-resources\/\" target=\"_self\" role=\"button\" rel=\"noopener\">\n\t\t\t\t\t\t\tRECURSOS DE FINANCIAMIENTO\n\t\t\t<\/a>\n\t\t\t<a href=\"https:\/\/www.globalfundforwomen.org\/get-funded\/faqs\/\" target=\"_self\" role=\"button\" rel=\"noopener\">\n\t\t\t\t\t\t\tPREGUNTAS FRECUENTES\n\t\t\t<\/a>\n\t\t\t\t<img loading=\"lazy\" decoding=\"async\" src=\"https:\/\/www.globalfundforwomen.org\/wp-content\/uploads\/2021\/01\/IMG_0528-1.png\" alt=\"IMG_0528 1\" itemprop=\"image\" height=\"384\" width=\"731\" title=\"IMG_0528 1\" onerror=\"this.style.display='none'\">\n<h2>\n\t\tCOMPARTA SU HISTORIA\n\t<\/h2>\n\t<p>Queremos que las l\u00edderes de los movimientos y las organizadores de la justicia de g\u00e9nero de todo el mundo nos cuenten qu\u00e9 es lo que les est\u00e1 afectando ahora.<\/p>\n\t\t\t<a href=\"https:\/\/www.globalfundforwomen.org\/share-your-story\/\" target=\"_self\" role=\"button\" rel=\"noopener\">\n\t\t\t\t\t\t\tP\u00f3ngase en contacto\n\t\t\t\t\t<\/a>\n","protected":false},"excerpt":{"rendered":"<p>English\u2014Espa\u00f1ol\u2014Fran\u00e7ais\u2014\u0420\u0443\u0441\u0441\u043a\u0438\u0439 EN\u2014ES\u2014FR\u2014RU NUESTRO PROCESO DE SOLICITUD Se invita a las iniciativas y organizaciones de justicia de g\u00e9nero a considerar el proceso de solicitud que figura a continuaci\u00f3n. \u00d7 Share Facebook Twitter Copy Link Aseg\u00farese de que su grupo cumple los requisitos Lea nuestros requisitos y criterios para asegurarse de que su grupo se ajusta a&hellip;<\/p>\n","protected":false},"author":14,"featured_media":0,"parent":0,"menu_order":0,"comment_status":"closed","ping_status":"closed","template":"","meta":{"_acf_changed":false,"inline_featured_image":false,"footnotes":""},"class_list":["post-49891","page","type-page","status-publish","hentry"],"acf":[],"_links":{"self":[{"href":"https:\/\/www.globalfundforwomen.org\/es\/wp-json\/wp\/v2\/pages\/49891","targetHints":{"allow":["GET"]}}],"collection":[{"href":"https:\/\/www.globalfundforwomen.org\/es\/wp-json\/wp\/v2\/pages"}],"about":[{"href":"https:\/\/www.globalfundforwomen.org\/es\/wp-json\/wp\/v2\/types\/page"}],"author":[{"embeddable":true,"href":"https:\/\/www.globalfundforwomen.org\/es\/wp-json\/wp\/v2\/users\/14"}],"replies":[{"embeddable":true,"href":"https:\/\/www.globalfundforwomen.org\/es\/wp-json\/wp\/v2\/comments?post=49891"}],"version-history":[{"count":9,"href":"https:\/\/www.globalfundforwomen.org\/es\/wp-json\/wp\/v2\/pages\/49891\/revisions"}],"predecessor-version":[{"id":52958,"href":"https:\/\/www.globalfundforwomen.org\/es\/wp-json\/wp\/v2\/pages\/49891\/revisions\/52958"}],"wp:attachment":[{"href":"https:\/\/www.globalfundforwomen.org\/es\/wp-json\/wp\/v2\/media?parent=49891"}],"curies":[{"name":"wp","href":"https:\/\/api.w.org\/{rel}","templated":true}]}}