{"id":49894,"date":"2021-06-30T18:49:31","date_gmt":"2021-07-01T01:49:31","guid":{"rendered":"https:\/\/www.globalfundforwomen.org\/?page_id=49894"},"modified":"2021-07-22T10:02:18","modified_gmt":"2021-07-22T17:02:18","slug":"apply-for-a-grant","status":"publish","type":"page","link":"https:\/\/www.globalfundforwomen.org\/fr\/apply-for-a-grant\/","title":{"rendered":"DEMANDER UNE SUBVENTION"},"content":{"rendered":"\n\n                        <a href=\"https:\/\/www.globalfundforwomen.org\/fr\/apply-for-a-grant\/\">English<\/a>&mdash;<a href=\"https:\/\/www.globalfundforwomen.org\/fr\/apply-for-a-grant\/\">Espa\u00f1ol<\/a>&mdash;<a href=\"https:\/\/www.globalfundforwomen.org\/fr\/apply-for-a-grant\/\">Fran\u00e7ais<\/a>&mdash;<a href=\"https:\/\/www.globalfundforwomen.org\/fr\/apply-for-a-grant\/\">\u0420\u0443\u0441\u0441\u043a\u0438\u0439<\/a>\n<a href=\"https:\/\/www.globalfundforwomen.org\/fr\/apply-for-a-grant\/\">EN<\/a>&mdash;<a href=\"https:\/\/www.globalfundforwomen.org\/fr\/apply-for-a-grant\/\">ES<\/a>&mdash;<a href=\"https:\/\/www.globalfundforwomen.org\/fr\/apply-for-a-grant\/\">FR<\/a>&mdash;<a href=\"https:\/\/www.globalfundforwomen.org\/fr\/apply-for-a-grant\/\">RU<\/a>                    \n                                                                                    <h1>\n                                                                                                                NOTRE PROCESSUS DE DEMANDE DE SUBVENTION\n                                                                    <\/h1>\n                                                                                        <p>Les initiatives et organisations de promotion de la justice de genre sont invit\u00e9es \u00e0 consid\u00e9rer le processus de candidature ci-dessous.<\/p>\n                <button type=\"button\" data-toggle=\"modal\" data-target=\"#shareModal\"><\/button>\n        <!-- Modal -->\n                            <button type=\"button\" data-dismiss=\"modal\" aria-label=\"Close\">\n                                &times;\n                            <\/button>\n                            <h2>Share<\/h2>\n                                <a href=\"#\" target=\"_blank\" rel=\"noopener\">Facebook<\/a>\n                                <a href=\"https:\/\/twitter.com\/intent\/tweet?url=https:\/\/www.globalfundforwomen.org\/fr\/apply-for-a-grant\/\" target=\"_blank\" rel=\"noopener\">Twitter<\/a>\n                                <a href=\"mailto:?subject=I wanted you to see this site&amp;body=Check out this site https:\/\/www.globalfundforwomen.org\/fr\/apply-for-a-grant\/\" title=\"Copy Link\" target=\"_blank\" rel=\"noopener\">Copy Link<\/a>\n\t\t\t\t<img loading=\"lazy\" decoding=\"async\" src=\"https:\/\/www.globalfundforwomen.org\/wp-content\/uploads\/2021\/01\/1-icon.png\" alt=\"1-icon\" itemprop=\"image\" height=\"42\" width=\"42\" title=\"1-icon\" onerror=\"this.style.display='none'\"  \/>\n<h5>\n\t\tAssurez-vous que votre groupe remplit les conditions requises\n\t<\/h5>\n\t<p>Veuillez lire nos conditions et nos crit\u00e8res pour vous assurer que votre groupe est \u00e9ligible \u00e0 nos subventions.<\/p>\n\t\t\t\t<img loading=\"lazy\" decoding=\"async\" src=\"https:\/\/www.globalfundforwomen.org\/wp-content\/uploads\/2021\/01\/2-icon.png\" alt=\"2-icon\" itemprop=\"image\" height=\"42\" width=\"42\" title=\"2-icon\" onerror=\"this.style.display='none'\"  \/>\n<h5>\n\t\tCr\u00e9er et soumettre un profil\n\t<\/h5>\n\t<p>Veuillez enregistrer votre organisation en soumettant un profil organisationnel. Votre profil sera s\u00e9curis\u00e9 et confidentiel.<\/p>\n\t\t\t\t<img loading=\"lazy\" decoding=\"async\" src=\"https:\/\/www.globalfundforwomen.org\/wp-content\/uploads\/2021\/01\/3-icon.png\" alt=\"3-icon\" itemprop=\"image\" height=\"42\" width=\"42\" title=\"3-icon\" onerror=\"this.style.display='none'\"  \/>\n<h5>\n\t\tNous vous contacterons si nous trouvons une subvention pour votre groupe*.\n\t<\/h5>\n\t<p>S&rsquo;il existe une subvention qui peut \u00eatre applicable \u00e0 votre groupe, nous vous contacterons et vous inviterons \u00e0 soumettre une demande.<\/p>\n\t\t\t<a href=\"https:\/\/groups.globalfundforwomen.org\/grants\/CommunitiesLoginGrants\" target=\"_self\" rel=\"noopener\">\n\t\t\t\t\t\t\t\tConnexion \u00e0 l&rsquo;application actuelle\n\t\t\t\t\t\t\t<\/a>\n\t\t\t<a href=\"https:\/\/groups.globalfundforwomen.org\/grants\/CommunitiesSelfRegGrants\" target=\"_self\" rel=\"noopener\">\n\t\t\t\t\t\t\t\tCr\u00e9er un nouveau profil\n\t\t\t\t\t\t\t<\/a>\n\t\t\t<div class=\"fl-builder-content fl-builder-content-47989 fl-builder-template fl-builder-row-template fl-builder-global-templates-locked\" data-post-id=\"47989\"><div class=\"fl-row fl-row-full-width fl-row-bg-color fl-node-609a8d3417fec fl-row-custom-height fl-row-align-center\" data-node=\"609a8d3417fec\">\n\t<div class=\"fl-row-content-wrap\">\n\t\t\t\t\t\t<div class=\"fl-row-content fl-row-fixed-width fl-node-content\">\n\t\t\n<div class=\"fl-col-group fl-node-609a8d341855b\" data-node=\"609a8d341855b\">\n\t\t\t<div class=\"fl-col fl-node-609a8d3418633 fl-col-bg-color\" data-node=\"609a8d3418633\">\n\t<div class=\"fl-col-content fl-node-content\"><div class=\"fl-module fl-module-heading fl-node-609a8d5d8975d\" data-node=\"609a8d5d8975d\">\n\t<div class=\"fl-module-content fl-node-content\">\n\t\t<h2 class=\"fl-heading\">\n\t\t<span class=\"fl-heading-text\">You are about to create a new application profile<\/span>\n\t<\/h2>\n\t<\/div>\n<\/div>\n<div class=\"fl-module fl-module-rich-text fl-node-609a8d95468ea bg-white\" data-node=\"609a8d95468ea\">\n\t<div class=\"fl-module-content fl-node-content\">\n\t\t<div class=\"fl-rich-text\">\n\t<ul>\n<li>Make sure you do not already have an existing account or an account created by someone else from your organization.<\/li>\n<li>If possible, please sign up using an organization email address. For example: example@globalfundforwomen.org<\/li>\n<li>Please note that this Login page as well as the pages required to create a new account are in English. Once you have logged in, you will be able to select a language of your choice to view and complete all forms.<\/li>\n<\/ul>\n<\/div>\n\t<\/div>\n<\/div>\n<div class=\"fl-module fl-module-button-group fl-node-609a8e4347b3c\" data-node=\"609a8e4347b3c\">\n\t<div class=\"fl-module-content fl-node-content\">\n\t\t<div class=\"fl-button-group fl-button-group-layout-horizontal fl-button-group-width-\">\n\t<div class=\"fl-button-group-buttons\" role=\"group\" aria-label=\"\">\n\t\t<div id=\"fl-button-group-button-609a8e4347b3c-0\" class=\"fl-button-group-button fl-button-group-button-609a8e4347b3c-0\"><div  class=\"fl-button-wrap fl-button-width-full fl-button-center\" id=\"fl-node-609a8e4347b3c-0\">\n\t\t\t<a href=\"https:\/\/groups.globalfundforwomen.org\/grants\/CommunitiesLoginGrants\" target=\"_self\" class=\"fl-button\">\n\t\t\t\t\t\t\t<span class=\"fl-button-text\">Current Application Sign In<\/span>\n\t\t\t\t\t<\/a>\n\t<\/div>\n<\/div><div id=\"fl-button-group-button-609a8e4347b3c-1\" class=\"fl-button-group-button fl-button-group-button-609a8e4347b3c-1\"><div  class=\"fl-button-wrap fl-button-width-full fl-button-center\" id=\"fl-node-609a8e4347b3c-1\">\n\t\t\t<a href=\"https:\/\/groups.globalfundforwomen.org\/grants\/CommunitiesSelfRegGrants\" target=\"_self\" class=\"fl-button\">\n\t\t\t\t\t\t\t<span class=\"fl-button-text\">Create a profile<\/span>\n\t\t\t\t\t<\/a>\n\t<\/div>\n<\/div>\t<\/div>\n<\/div>\n\t<\/div>\n<\/div>\n<\/div>\n<\/div>\n\t<\/div>\n\t\t<\/div>\n\t<\/div>\n<\/div>\n<\/div>\t\t\t\n\t\t<h5>Modal Popup &#8211; ID <\/h5>\n\t\tClick here to edit the &quot;Modal Popup&quot; settings. This text will not be visible on frontend.\t\n\t<p>*Veuillez noter que tous les candidats ne recevront pas de r\u00e9ponse, mais votre profil sera conserv\u00e9 dans notre syst\u00e8me pendant deux ans et sera pris en compte pour toutes les subventions ouvertes et futures.<\/p>\n<h2>\n\t\tCRIT\u00c8RES DE SUBVENTIONS\n\t<\/h2>\n<h5>\n\t\tVotre groupe doit r\u00e9pondre aux crit\u00e8res suivants :\n\t<\/h5>\n\t\t\t<h3> \u00catre bas\u00e9 hors des \u00c9tats-Unis.<\/h3> <p>\u00c0 quelques exceptions pr\u00e8s, nous ne finan\u00e7ons g\u00e9n\u00e9ralement pas les organisations bas\u00e9es aux \u00c9tats-Unis.<\/p>\t\t\n\t\t\t<h3> Utiliser une analyse f\u00e9ministe intersectionnelle.<\/h3> <p>L&rsquo;objectif principal de votre groupe doit \u00eatre de faire progresser la justice entre les sexes, et cet objectif doit se refl\u00e9ter clairement dans ses activit\u00e9s. Veuillez noter que les groupes dont le seul but est de g\u00e9n\u00e9rer des revenus ou de fournir de l`aide caritative aux individus ne sont pas \u00e9ligibles.<\/p>\t\t\n\t\t\t<h3> Adopter le principe de l&#039;action collective.<\/h3> <p>Nous n&rsquo;acceptons pas les demandes \u00e9manant de particuliers et ne finan\u00e7ons pas les projets propos\u00e9s par des particuliers ou pour leur b\u00e9n\u00e9fice (y compris les bourses d&rsquo;\u00e9tudes).<\/p>\t\t\n\t\t\t<h3> \u00catre gouvern\u00e9, dirig\u00e9 et\/ou men\u00e9 par des communaut\u00e9s historiquement marginalis\u00e9es.<\/h3> <p>Nos subventions sont centr\u00e9es sur les communaut\u00e9s historiquement marginalis\u00e9es et sur les personnes les plus touch\u00e9es par l&rsquo;injustice de genre, notamment les femmes et les filles cisgenres et transgenres, les personnes de genre h\u00e9t\u00e9rog\u00e8ne et non-conforme, les minorit\u00e9s raciales, religieuses et ethniques, les jeunes, les travailleurs du sexe, les personnes handicap\u00e9es et les membres de la communaut\u00e9 LGBTQIA+.<\/p>\t\t\n\t<h5>\n\t\tVotre groupe ne peut \u00eatre : \n\t<\/h5>\n\t\t\t<h3> Une entit\u00e9 gouvernementale<\/h3>\t\t\n\t\t\t<h3> Un parti politique ou une campagne \u00e9lectorale<\/h3>\t\t\n\t\t\t<h3> Une organisation internationale proposant des projets avec des partenaires locaux<\/h3>\t\t\n\t\n<p>Les groupes ne doivent pas n\u00e9cessairement \u00eatre des organisations non gouvernementales (ONG) enregistr\u00e9es pour b\u00e9n\u00e9ficier d&rsquo;un financement.<\/p>\n<h4>\n\t\tLES TYPES DE SUBVENTIONS\n\t<\/h4>\n<h3>\n\t\tSubvention de soutien g\u00e9n\u00e9ral\/ d&rsquo;innovation\n\t<\/h3>\n\t<ul>\n<li>Un soutien flexible pour r\u00e9pondre aux besoins de nos partenaires, qu&rsquo;il s&rsquo;agisse de programmes, de projets ou de d\u00e9penses de fonctionnement, y compris le loyer, les salaires, les communications et les voyages.<\/li>\n<\/ul>\n<h3>\n\t\tSubvention de crise\n\t<\/h3>\n\t<ul>\n<li>Financement urgent pour r\u00e9pondre aux catastrophes climatiques et naturelles, aux crises de sant\u00e9 publique ou aux augmentations soudaines et drastiques de la violence politique.<\/li>\n<\/ul>\n<h3>\n\t\tSubvention de voyage ou d&rsquo;\u00e9v\u00e9nement\n\t<\/h3>\n\t<ul>\n<li>En raison du COVID-19, nous suspendons temporairement notre programme de subventions pour les voyages et les \u00e9v\u00e9nements. Nous pr\u00e9voyons de le r\u00e9tablir d\u00e8s que les voyages seront \u00e0 nouveau sans risques. Veuillez v\u00e9rifier les mises \u00e0 jour.<\/li>\n<\/ul>\n\t<p>Le Fonds Mondial pour les Femmes envisage un monde o\u00f9 les mouvements pour la justice de genre ont transform\u00e9 le pouvoir et les privil\u00e8ges de quelques-uns en \u00e9quit\u00e9 et \u00e9galit\u00e9 pour tous. Nous finan\u00e7ons des mouvements audacieux, ambitieux et expansifs en faveur de la justice de genre afin de cr\u00e9er un changement significatif qui ira au-del\u00e0 des pr\u00e9sentes g\u00e9n\u00e9rations.<\/p>\n<p>Notre objectif principal est de fournir des ressources aux mouvements pour la justice entre les sexes dans le monde entier. Notre approche, dirig\u00e9e par les mouvements, permet \u00e0 ces derniers de d\u00e9terminer leurs propres besoins et d&rsquo;allouer des fonds en cons\u00e9quence par le biais de comit\u00e9s de mouvement, un type de subventionnement participatif. En tant que bailleurs de fonds, notre objectif est de fournir des ressources qui renforcent la capacit\u00e9 d&rsquo;agir, la participation et le pouvoir des mouvements qui travaillent directement dans leurs communaut\u00e9s.<\/p>\n<h5>\n\t\tFor more information, download the Online Applicant Guide \n\t<\/h5>\n\t\t\t<a href=\"https:\/\/www.globalfundforwomen.org\/wp-content\/uploads\/2016\/11\/Applicants-Guide-to-Creating-an-Account-and-Profile.pdf\" target=\"_self\" role=\"button\" rel=\"noopener\">\n\t\t\t\t\t\t\tEnglish\n\t\t\t<\/a>\n\t\t\t<a href=\"https:\/\/www.globalfundforwomen.org\/wp-content\/uploads\/2016\/11\/Applicants-Guide-to-Creating-an-Account-and-Profile-ESP.pdf\" target=\"_self\" role=\"button\" rel=\"noopener\">\n\t\t\t\t\t\t\tEspa\u00f1ol\n\t\t\t<\/a>\n\t\t\t<a href=\"https:\/\/www.globalfundforwomen.org\/wp-content\/uploads\/2016\/11\/Applicants-Guide-to-Creating-an-Account-and-Profile-FRA.pdf\" target=\"_self\" role=\"button\" rel=\"noopener\">\n\t\t\t\t\t\t\tFran\u00e7ais\n\t\t\t<\/a>\n\t\t\t<a href=\"https:\/\/www.globalfundforwomen.org\/wp-content\/uploads\/2016\/11\/Applicants-Guide-to-Creating-an-Account-and-Profile-RU.pdf\" target=\"_self\" role=\"button\" rel=\"noopener\">\n\t\t\t\t\t\t\t\u0420\u0443\u0441\u0441\u043a\u0438\u0439\n\t\t\t<\/a>\n\t\t\t<a href=\"https:\/\/www.globalfundforwomen.org\/wp-content\/uploads\/2018\/05\/Applicants-Guide-to-Creating-an-Account-and-Profile-AR-\u062f\u0644\u064a\u0644-\u0627\u0644\u0645\u062a\u0642\u062f\u0645\u0627\u062a.pdf\" target=\"_self\" role=\"button\" rel=\"noopener\">\n\t\t\t\t\t\t\t\u0627\u0644\u0639\u0631\u0628\u064a\u0629\n\t\t\t<\/a>\n<h2>\n\t\tAVEZ-VOUS BESOIN D&rsquo;AIDE POUR VOTRE DEMANDE DE SUBVENTION ? \n\t<\/h2>\n\t\t\t<a href=\"mailto:grantsinfo@globalfundforwomen.org\" target=\"_self\" role=\"button\" rel=\"noopener\">\n\t\t\t\t\t\t\tEnvoyez-nous un courriel\n\t\t\t\t\t<\/a>\n<h2>\n\t\tRESSOURCES\n\t<\/h2>\n<h4>\n\t\tAIDER LES MOUVEMENTS \u00c0 MESURER LE CHANGEMENT\n\t<\/h4>\n\t<p>Dans le cadre de son soutien aux mouvements, le Fonds Mondial pour les Femmes propose l&rsquo;Outil d&rsquo;\u00c9valuation des Capacit\u00e9s des Mouvements, un outil en ligne gratuit destin\u00e9 \u00e0 soutenir le pouvoir des populations de base dans le monde entier.<\/p>\n\n\t\t\t\t<img loading=\"lazy\" decoding=\"async\" src=\"https:\/\/www.globalfundforwomen.org\/wp-content\/uploads\/2021\/01\/MAX-tool-1.png\" alt=\"MAX-tool 1\" itemprop=\"image\" height=\"349\" width=\"620\" title=\"MAX-tool 1\" onerror=\"this.style.display='none'\"  \/>\n\t\t\t<a href=\"https:\/\/www.globalfundforwomen.org\/apply-for-a-grant\/fundraising-resources\/\" target=\"_self\" role=\"button\" rel=\"noopener\">\n\t\t\t\t\t\t\tRessources pour la collecte de fonds\n\t\t\t<\/a>\n\t\t\t<a href=\"https:\/\/www.globalfundforwomen.org\/get-funded\/faqs\/\" target=\"_self\" role=\"button\" rel=\"noopener\">\n\t\t\t\t\t\t\tFoire Aux Questions (FAQ)\n\t\t\t<\/a>\n\t\t\t\t<img loading=\"lazy\" decoding=\"async\" src=\"https:\/\/www.globalfundforwomen.org\/wp-content\/uploads\/2021\/01\/IMG_0528-1.png\" alt=\"IMG_0528 1\" itemprop=\"image\" height=\"384\" width=\"731\" title=\"IMG_0528 1\" onerror=\"this.style.display='none'\"  \/>\n<h2>\n\t\tPARTAGEZ VOTRE HISTOIRE\n\t<\/h2>\n\t<p>Nous voulons conna\u00eetre les opinions des leaders de mouvements et des promoteurs(rices) de la justice de genre du monde entier sur ce qui les affecte actuellement.<\/p>\n\t\t\t<a href=\"https:\/\/www.globalfundforwomen.org\/share-your-story\/\" target=\"_self\" role=\"button\" rel=\"noopener\">\n\t\t\t\t\t\t\tPrenez contact avec nous\n\t\t\t\t\t<\/a>\n\n","protected":false},"excerpt":{"rendered":"<p>English&mdash;Espa\u00f1ol&mdash;Fran\u00e7ais&mdash;\u0420\u0443\u0441\u0441\u043a\u0438\u0439 EN&mdash;ES&mdash;FR&mdash;RU NOTRE PROCESSUS DE DEMANDE DE SUBVENTION Les initiatives et organisations de promotion de la justice de genre sont invit\u00e9es \u00e0 consid\u00e9rer le processus de candidature ci-dessous. &times; Share Facebook Twitter Copy Link Assurez-vous que votre groupe remplit les conditions requises Veuillez lire nos conditions et nos crit\u00e8res pour vous assurer que votre groupe&hellip;<\/p>\n","protected":false},"author":14,"featured_media":0,"parent":0,"menu_order":0,"comment_status":"closed","ping_status":"closed","template":"","meta":{"_acf_changed":false,"inline_featured_image":false,"footnotes":""},"class_list":["post-49894","page","type-page","status-publish","hentry"],"acf":[],"_links":{"self":[{"href":"https:\/\/www.globalfundforwomen.org\/fr\/wp-json\/wp\/v2\/pages\/49894","targetHints":{"allow":["GET"]}}],"collection":[{"href":"https:\/\/www.globalfundforwomen.org\/fr\/wp-json\/wp\/v2\/pages"}],"about":[{"href":"https:\/\/www.globalfundforwomen.org\/fr\/wp-json\/wp\/v2\/types\/page"}],"author":[{"embeddable":true,"href":"https:\/\/www.globalfundforwomen.org\/fr\/wp-json\/wp\/v2\/users\/14"}],"replies":[{"embeddable":true,"href":"https:\/\/www.globalfundforwomen.org\/fr\/wp-json\/wp\/v2\/comments?post=49894"}],"version-history":[{"count":6,"href":"https:\/\/www.globalfundforwomen.org\/fr\/wp-json\/wp\/v2\/pages\/49894\/revisions"}],"predecessor-version":[{"id":50205,"href":"https:\/\/www.globalfundforwomen.org\/fr\/wp-json\/wp\/v2\/pages\/49894\/revisions\/50205"}],"wp:attachment":[{"href":"https:\/\/www.globalfundforwomen.org\/fr\/wp-json\/wp\/v2\/media?parent=49894"}],"curies":[{"name":"wp","href":"https:\/\/api.w.org\/{rel}","templated":true}]}}